{"id":166,"date":"2018-06-11T11:48:43","date_gmt":"2018-06-11T09:48:43","guid":{"rendered":"http:\/\/www.notar-poeltner.at\/start\/?page_id=166"},"modified":"2018-06-11T11:52:50","modified_gmt":"2018-06-11T09:52:50","slug":"datenschutzerklaerung","status":"publish","type":"page","link":"https:\/\/www.notar-poeltner.at\/start\/datenschutzerklaerung\/","title":{"rendered":"Datenschutzerkl\u00e4rung"},"content":{"rendered":"<section  class='av_textblock_section av-av_textblock-396ddf1f42196ca838231e61a4602801 '   itemscope=\"itemscope\" itemtype=\"https:\/\/schema.org\/CreativeWork\" ><div class='avia_textblock'  itemprop=\"text\" ><h2>Datenschutzerkl\u00e4rung<\/h2>\n<p><strong>1. Schutz von personenbezogenen Daten<\/strong><br \/>\nWir (Notariat Dr. Reinhard P\u00f6ltner) bearbeiten Ihre personenbezogenen Daten ausschlie\u00dflich im Fall Ihrer Einwilligung bzw. zur Ausfu\u0308hrung des von Ihnen erteilten Mandats oder Bestellung zu den mit Ihnen vereinbarten Zwecken oder wenn eine sonstige rechtliche Grundlage (im Sinn der DSGVO) vorliegt. Es werden nur solche personenbezogenen Daten erhoben, die fu\u0308r die Durchfu\u0308hrung und Abwicklung unserer notariellen Aufgaben und Leistungen erforderlich sind oder die Sie uns freiwillig zur Verfu\u0308gung gestellt haben.<\/p>\n<p><strong>2. Ihr Recht auf Auskunft und L\u00f6schung (Betroffenenrechte)<\/strong><br \/>\nSie haben das Recht auf Auskunft u\u0308ber ihre gespeicherten personenbezogenen Daten, deren Herkunft und Empf\u00e4nger und den Zweck der Datenverarbeitung sowie ein Recht auf Berichtigung, Widerspruch, Datenu\u0308bertragung, Einschr\u00e4nkung der Bearbeitung sowie Sperrung oder L\u00f6schung unrichtiger\/unzul\u00e4ssig verarbeiteter Daten. Einschr\u00e4nkungen k\u00f6nnen sich aus der den Notar treffenden Verschwiegenheitsverpflichtung gem\u00e4\u00df \u00a7 37 NO ergeben. Sie haben auch das Recht, eine allenfalls erteilte Einwilligung zur Nutzung Ihrer personenbezogenen Daten jederzeit zu widerrufen. Zur Geltendmachung der Ihnen zustehenden Betroffenenrechte (Auskunft, L\u00f6schung, Berichtigung, Widerspruch und\/oder Datenu\u0308bertragung*) wenden Sie sich an unsere Notariatskanzlei. Sofern Sie der Auffassung sind, dass die Verarbeitung Ihrer personenbezogenen Daten durch uns gegen das geltende Datenschutzrecht verst\u00f6\u00dft oder Ihre datenschutzrechtlichen Anspru\u0308che in einer anderen Weise verletzt worden sind, besteht die M\u00f6glichkeit, dass Sie sich bei der zust\u00e4ndigen Aufsichtsbeh\u00f6rde beschweren. Dies ist in \u00d6sterreich die Datenschutzbeh\u00f6rde.<\/p>\n<p><strong>3. Verwendung von Daten \u2013 Sicherheit<\/strong><br \/>\nDie uns zur Verfu\u0308gung gestellten Daten werden nicht fu\u0308r andere Zwecke als durch den Mandatsvertrag oder durch Ihre Einwilligung oder sonst durch eine Bestimmung im Einklang mit der DSGVO gesteckten Zwecke verarbeitet. Davon ausgenommen ist die Nutzung fu\u0308r statistische Zwecke, sofern die zur Verfu\u0308gung gestellten Daten anonymisiert wurden. Wir haben dem Stand der Technik entsprechende organisatorische und technische Vorkehrungen getroffen, um den Schutz Ihrer personenbezogenen Daten zu gew\u00e4hrleisten (Schutz gegen missbr\u00e4uchliche Verwendung sowohl von Innen als auch von Au\u00dfen (etwa durch Firewalls, Verschlu\u0308sselungen, Zugriffsberechtigungen, etc.). Es kann jedoch nicht ausgeschlossen werden, dass durch von uns nicht verursachte Fehler bei der Datenu\u0308bertragung oder auch unautorisiertem Zugriff durch Dritte 1 Sofern im Fall der Datenu\u0308bertragung nicht ein unverh\u00e4ltnism\u00e4\u00dfiger Aufwand verursacht wird. (Hacker, etc.) Informationen von anderen Personen eingesehen oder genutzt werden. Dafu\u0308r u\u0308bernehmen wir keine Haftung, sofern diese missbr\u00e4uchliche Verwendung nicht von uns schuldhaft verursacht wurde.<\/p>\n<p><strong>4. Weitergabe von Daten an Dritte (\u00dcbermittlung)<\/strong><br \/>\nGrunds\u00e4tzlich stellen wir Ihre personenbezogenen Daten nicht anderen zur Verfu\u0308gung. Allerdings ist es zur Erfu\u0308llung Ihres Auftrages oder aus gesetzlichen Gru\u0308nden erforderlich, Ihre Daten an Dritte weiterzuleiten. Dies k\u00f6nnen Gerichte, Beh\u00f6rden, Rechtsvertreter oder sonstige beteiligte Dritte (auch Auftragsverarbeiter, die fu\u0308r uns t\u00e4tig sind) sein. In diesem Fall erfolgt die Weitergabe Ihrer Daten ausschlie\u00dflich auf Grundlage des DSGVO (aufgrund der von Ihnen erteilten Einwilligung, Erfu\u0308llung eines Vertrages, Erfu\u0308llung einer rechtlichen Verpflichtung, etc.). Als Notar und im Rahmen des notariellen T\u00e4tigkeitsfeldes beziehen wir regelm\u00e4\u00dfig auch Informationen von Ihnen von dritter Stelle. Wir weisen auch darauf hin, dass es sein kann, dass wir Ihre personenbezogenen Daten an Empf\u00e4nger (vgl. oben) au\u00dferhalb Ihres Landes u\u0308bermitteln. Wir u\u0308bermitteln Ihre personenbezogenen Daten jedoch nur und ausschlie\u00dflich auf Grundlage der DSGVO (angemessenes Datenschutzniveau bzw. das Setzen von Ma\u00dfnahmen, um zu gew\u00e4hrleisten, dass alle Empf\u00e4nger ein angemessenes Datenschutzniveau haben).<\/p>\n<p><strong>5. Speichern\/L\u00f6schen von Daten<\/strong><br \/>\nWir bewahren Ihre personenbezogenen Daten nicht l\u00e4nger auf als es fu\u0308r die Zwecke, fu\u0308r die sie verarbeitet werden, erforderlich ist. Die Aufbewahrung der Daten erfolgt auch zu Beweismittelzwecken unter Beru\u0308cksichtigung der Verj\u00e4hrungsfristen bzw. solange eine Inanspruchnahme (Haftung) von uns m\u00f6glich ist.<\/p>\n<p><strong>6. Cookies<\/strong><br \/>\nUnsere Website verwendet Cookies. Es handelt sich dabei um kleinere Textdateien, die mit Hilfe des Browsers auf Ihrem Endger\u00e4t abgelegt werden. Wir nutzen Cookies, um unser Angebot nutzerfreundlich zu gestalten. Es kann sein, dass einige Cookies auf Ihrem Endger\u00e4t gespeichert bleiben, bis Sie diese l\u00f6schen. Sie erm\u00f6glichen es uns, Ihren Browser beim n\u00e4chsten Besuch wieder zu erkennen. Sollten Sie dies nicht wu\u0308nschen, k\u00f6nnen Sie Ihren Browser so einrichten, dass er Sie u\u0308ber das Setzen von Cookies informiert und Sie diese im Einzelfall erlauben. Sollte eine Deaktivierung von Cookies erfolgen, kann die Funktionalit\u00e4t unserer Website eingeschr\u00e4nkt sein.<\/p>\n<p><strong>7. Webanalyse\/Server-Logfiles<\/strong><br \/>\nDer Provider dieser Website speichert automatisch Informationen in sogenannten Server-Logfiles, die von Ihrem Browser automatisch u\u0308bermittelt werden. Davon umfasst sind Ihre IP-Adresse, Browser- und Spracheinstellung, Betriebssystem, Ihr Internet-Serviceprovider, Datum\/Uhrzeit, URL. All dies soll zur Optimierung der Website in Bezug auf Benutzerfreundlichkeit und Bereitstellung von nu\u0308tzlichen Informationen u\u0308ber unsere Dienstleistungen dienen. Eine Zusammenfu\u0308hrung dieser Daten mit personenbezogenen Datenquellen erfolgt nicht.<\/p>\n<p>* Sofern im Fall der Datenu\u0308bertragung nicht ein unverh\u00e4ltnism\u00e4\u00dfiger Aufwand verursacht wird.<\/p>\n<\/div><\/section>\n","protected":false},"excerpt":{"rendered":"","protected":false},"author":1,"featured_media":0,"parent":0,"menu_order":0,"comment_status":"closed","ping_status":"closed","template":"","meta":{"footnotes":""},"yoast_head":"<!-- This site is optimized with the Yoast SEO plugin v22.5 - https:\/\/yoast.com\/wordpress\/plugins\/seo\/ -->\n<title>Datenschutzerkl\u00e4rung - Dr. Reinhard Poeltner<\/title>\n<meta name=\"robots\" content=\"index, follow, max-snippet:-1, max-image-preview:large, max-video-preview:-1\" \/>\n<link rel=\"canonical\" href=\"https:\/\/www.notar-poeltner.at\/start\/datenschutzerklaerung\/\" \/>\n<meta property=\"og:locale\" content=\"de_DE\" \/>\n<meta property=\"og:type\" content=\"article\" \/>\n<meta property=\"og:title\" content=\"Datenschutzerkl\u00e4rung - Dr. Reinhard Poeltner\" \/>\n<meta property=\"og:url\" content=\"https:\/\/www.notar-poeltner.at\/start\/datenschutzerklaerung\/\" \/>\n<meta property=\"og:site_name\" content=\"Dr. Reinhard Poeltner\" \/>\n<meta property=\"article:modified_time\" content=\"2018-06-11T09:52:50+00:00\" \/>\n<meta name=\"twitter:card\" content=\"summary_large_image\" \/>\n<meta name=\"twitter:label1\" content=\"Gesch\u00e4tzte Lesezeit\" \/>\n\t<meta name=\"twitter:data1\" content=\"4\u00a0Minuten\" \/>\n<script type=\"application\/ld+json\" class=\"yoast-schema-graph\">{\"@context\":\"https:\/\/schema.org\",\"@graph\":[{\"@type\":\"WebPage\",\"@id\":\"https:\/\/www.notar-poeltner.at\/start\/datenschutzerklaerung\/\",\"url\":\"https:\/\/www.notar-poeltner.at\/start\/datenschutzerklaerung\/\",\"name\":\"Datenschutzerkl\u00e4rung - Dr. Reinhard Poeltner\",\"isPartOf\":{\"@id\":\"https:\/\/www.notar-poeltner.at\/start\/#website\"},\"datePublished\":\"2018-06-11T09:48:43+00:00\",\"dateModified\":\"2018-06-11T09:52:50+00:00\",\"breadcrumb\":{\"@id\":\"https:\/\/www.notar-poeltner.at\/start\/datenschutzerklaerung\/#breadcrumb\"},\"inLanguage\":\"de\",\"potentialAction\":[{\"@type\":\"ReadAction\",\"target\":[\"https:\/\/www.notar-poeltner.at\/start\/datenschutzerklaerung\/\"]}]},{\"@type\":\"BreadcrumbList\",\"@id\":\"https:\/\/www.notar-poeltner.at\/start\/datenschutzerklaerung\/#breadcrumb\",\"itemListElement\":[{\"@type\":\"ListItem\",\"position\":1,\"name\":\"Startseite\",\"item\":\"https:\/\/www.notar-poeltner.at\/start\/\"},{\"@type\":\"ListItem\",\"position\":2,\"name\":\"Datenschutzerkl\u00e4rung\"}]},{\"@type\":\"WebSite\",\"@id\":\"https:\/\/www.notar-poeltner.at\/start\/#website\",\"url\":\"https:\/\/www.notar-poeltner.at\/start\/\",\"name\":\"Dr. Reinhard Poeltner\",\"description\":\"\u00d6ffentlicher Notar\",\"potentialAction\":[{\"@type\":\"SearchAction\",\"target\":{\"@type\":\"EntryPoint\",\"urlTemplate\":\"https:\/\/www.notar-poeltner.at\/start\/?s={search_term_string}\"},\"query-input\":\"required name=search_term_string\"}],\"inLanguage\":\"de\"}]}<\/script>\n<!-- \/ Yoast SEO plugin. -->","yoast_head_json":{"title":"Datenschutzerkl\u00e4rung - Dr. Reinhard Poeltner","robots":{"index":"index","follow":"follow","max-snippet":"max-snippet:-1","max-image-preview":"max-image-preview:large","max-video-preview":"max-video-preview:-1"},"canonical":"https:\/\/www.notar-poeltner.at\/start\/datenschutzerklaerung\/","og_locale":"de_DE","og_type":"article","og_title":"Datenschutzerkl\u00e4rung - Dr. Reinhard Poeltner","og_url":"https:\/\/www.notar-poeltner.at\/start\/datenschutzerklaerung\/","og_site_name":"Dr. Reinhard Poeltner","article_modified_time":"2018-06-11T09:52:50+00:00","twitter_card":"summary_large_image","twitter_misc":{"Gesch\u00e4tzte Lesezeit":"4\u00a0Minuten"},"schema":{"@context":"https:\/\/schema.org","@graph":[{"@type":"WebPage","@id":"https:\/\/www.notar-poeltner.at\/start\/datenschutzerklaerung\/","url":"https:\/\/www.notar-poeltner.at\/start\/datenschutzerklaerung\/","name":"Datenschutzerkl\u00e4rung - Dr. Reinhard Poeltner","isPartOf":{"@id":"https:\/\/www.notar-poeltner.at\/start\/#website"},"datePublished":"2018-06-11T09:48:43+00:00","dateModified":"2018-06-11T09:52:50+00:00","breadcrumb":{"@id":"https:\/\/www.notar-poeltner.at\/start\/datenschutzerklaerung\/#breadcrumb"},"inLanguage":"de","potentialAction":[{"@type":"ReadAction","target":["https:\/\/www.notar-poeltner.at\/start\/datenschutzerklaerung\/"]}]},{"@type":"BreadcrumbList","@id":"https:\/\/www.notar-poeltner.at\/start\/datenschutzerklaerung\/#breadcrumb","itemListElement":[{"@type":"ListItem","position":1,"name":"Startseite","item":"https:\/\/www.notar-poeltner.at\/start\/"},{"@type":"ListItem","position":2,"name":"Datenschutzerkl\u00e4rung"}]},{"@type":"WebSite","@id":"https:\/\/www.notar-poeltner.at\/start\/#website","url":"https:\/\/www.notar-poeltner.at\/start\/","name":"Dr. Reinhard Poeltner","description":"\u00d6ffentlicher Notar","potentialAction":[{"@type":"SearchAction","target":{"@type":"EntryPoint","urlTemplate":"https:\/\/www.notar-poeltner.at\/start\/?s={search_term_string}"},"query-input":"required name=search_term_string"}],"inLanguage":"de"}]}},"_links":{"self":[{"href":"https:\/\/www.notar-poeltner.at\/start\/wp-json\/wp\/v2\/pages\/166"}],"collection":[{"href":"https:\/\/www.notar-poeltner.at\/start\/wp-json\/wp\/v2\/pages"}],"about":[{"href":"https:\/\/www.notar-poeltner.at\/start\/wp-json\/wp\/v2\/types\/page"}],"author":[{"embeddable":true,"href":"https:\/\/www.notar-poeltner.at\/start\/wp-json\/wp\/v2\/users\/1"}],"replies":[{"embeddable":true,"href":"https:\/\/www.notar-poeltner.at\/start\/wp-json\/wp\/v2\/comments?post=166"}],"version-history":[{"count":3,"href":"https:\/\/www.notar-poeltner.at\/start\/wp-json\/wp\/v2\/pages\/166\/revisions"}],"predecessor-version":[{"id":171,"href":"https:\/\/www.notar-poeltner.at\/start\/wp-json\/wp\/v2\/pages\/166\/revisions\/171"}],"wp:attachment":[{"href":"https:\/\/www.notar-poeltner.at\/start\/wp-json\/wp\/v2\/media?parent=166"}],"curies":[{"name":"wp","href":"https:\/\/api.w.org\/{rel}","templated":true}]}}